{"id":1643,"date":"2022-02-22T05:24:10","date_gmt":"2022-02-22T05:24:10","guid":{"rendered":"http:\/\/mbtools.in\/?page_id=1643"},"modified":"2022-03-14T08:15:56","modified_gmt":"2022-03-14T08:15:56","slug":"tup-1h","status":"publish","type":"page","link":"https:\/\/mbtools.in\/index.php\/tup-1h\/","title":{"rendered":"TUP-1H"},"content":{"rendered":"<h2>Semi-automatic LID Buffing M\/c \u2013 TUP Series<\/h2>\n<p>\t\t\t\t\t\t\t\t\t\t<img decoding=\"async\" width=\"1024\" height=\"1024\" src=\"http:\/\/mbtools.in\/wp-content\/uploads\/2022\/02\/11.-Lid-plate-polishing-09-1-1024x1024.jpg\" alt=\"\" loading=\"lazy\" srcset=\"http:\/\/mbtools.in\/wp-content\/uploads\/2022\/02\/11.-Lid-plate-polishing-09-1-1024x1024.jpg 1024w, http:\/\/mbtools.in\/wp-content\/uploads\/2022\/02\/11.-Lid-plate-polishing-09-1-300x300.jpg 300w, http:\/\/mbtools.in\/wp-content\/uploads\/2022\/02\/11.-Lid-plate-polishing-09-1-150x150.jpg 150w, http:\/\/mbtools.in\/wp-content\/uploads\/2022\/02\/11.-Lid-plate-polishing-09-1-768x768.jpg 768w, http:\/\/mbtools.in\/wp-content\/uploads\/2022\/02\/11.-Lid-plate-polishing-09-1-1536x1536.jpg 1536w, http:\/\/mbtools.in\/wp-content\/uploads\/2022\/02\/11.-Lid-plate-polishing-09-1-2048x2048.jpg 2048w\" sizes=\"auto, (max-width: 1024px) 100vw, 1024px\" \/>\t\t\t\t\t\t\t\t\t\t\t<\/p>\n<table id=\"eael-data-table-07d1f83\">\n<thead>\n<tr>\n<th id=\"\" colspan=\"\">\n\t\t\t\t\t\t\t\t\t\t\t\t\t\tM\/c Model <\/th>\n<th id=\"\" colspan=\"\">\n\t\t\t\t\t\t\t\t\t\t\t\t\t\tTUP-1H (Single Heads)<\/th>\n<\/tr>\n<\/thead>\n<tbody>\n<tr>\n<td colspan=\"\" rowspan=\"\" id=\"\">\n\t\t\t\t\t\t\t\t\t\t\t\tApplication\n\t\t\t\t\t\t\t\t\t\t\t<\/td>\n<td colspan=\"\" rowspan=\"\" id=\"\">\n<p><strong>Cookware LID, Tawa, Pan, Plates etc<\/strong><\/p>\n<\/td>\n<\/tr>\n<tr>\n<td colspan=\"\" rowspan=\"\" id=\"\">\n\t\t\t\t\t\t\t\t\t\t\t\tCycle Time\n\t\t\t\t\t\t\t\t\t\t\t<\/td>\n<td colspan=\"\" rowspan=\"\" id=\"\">\n<p><strong>40 sec to 150 sec<\/strong><\/p>\n<\/td>\n<\/tr>\n<tr>\n<td colspan=\"\" rowspan=\"\" id=\"\">\n\t\t\t\t\t\t\t\t\t\t\t\tConsumable\n\t\t\t\t\t\t\t\t\t\t\t<\/td>\n<td colspan=\"\" rowspan=\"\" id=\"\">\n<p><strong>Buff Wheel : OD <\/strong><strong>upto \u00d8200 x 75 mm <\/strong><strong>Width <\/strong><\/p>\n<\/td>\n<\/tr>\n<tr>\n<td colspan=\"\" rowspan=\"\" id=\"\">\n\t\t\t\t\t\t\t\t\t\t\t\tComponent Specification\n\t\t\t\t\t\t\t\t\t\t\t<\/td>\n<td colspan=\"\" rowspan=\"\" id=\"\">\n<p><strong>\u00d860 to \u00d8150 mm OD<\/strong><\/p>\n<\/td>\n<\/tr>\n<tr>\n<td colspan=\"\" rowspan=\"\" id=\"\">\n\t\t\t\t\t\t\t\t\t\t\t\tPower Req.\n\t\t\t\t\t\t\t\t\t\t\t<\/td>\n<td colspan=\"\" rowspan=\"\" id=\"\">\n<p><strong>16 HP (Total power consumption)<\/strong><\/p>\n<\/td>\n<\/tr>\n<tr>\n<td colspan=\"\" rowspan=\"\" id=\"\">\n\t\t\t\t\t\t\t\t\t\t\t<\/td>\n<td colspan=\"\" rowspan=\"\" id=\"\">\n<p><strong>\u2022 Turnkey Solution for Mirror\/MAT Finish for Cookware\/Utensils<\/strong><\/p>\n<\/td>\n<\/tr>\n<\/tbody>\n<\/table>\n<h4>For more details:<\/h4>\n<ul>\n<li>\n\t\t\t\t\t\t\t\t\t\t<b>Customer Care:<\/b> <br \/> +91 9175282992 <br \/> +91 8956648126\n\t\t\t\t\t\t\t\t\t<\/li>\n<li>\n\t\t\t\t\t\t\t\t\t\t<b>Email:<\/b> <br \/> sale@mbtools.in\n\t\t\t\t\t\t\t\t\t<\/li>\n<\/ul>\n<p>\t\t\t<a href=\"http:\/\/mbtools.in\/index.php\/contact\/\" role=\"button\"><br \/>\n\t\t\t\t\t\tContact Us<br \/>\n\t\t\t\t\t<\/a><\/p>\n","protected":false},"excerpt":{"rendered":"<p>Semi-automatic LID Buffing M\/c \u2013 TUP Series M\/c Model TUP-1H (Single Heads) Application Cookware LID, Tawa, Pan, Plates etc Cycle Time 40 sec to 150 sec Consumable Buff Wheel : OD upto \u00d8200 x 75 mm Width Component Specification \u00d860 to \u00d8150 mm OD Power Req. 16 HP (Total power consumption) \u2022 Turnkey Solution for &hellip;<\/p>\n<p class=\"read-more\"> <a class=\"\" href=\"https:\/\/mbtools.in\/index.php\/tup-1h\/\"> <span class=\"screen-reader-text\">TUP-1H<\/span> Read More &raquo;<\/a><\/p>\n","protected":false},"author":1,"featured_media":0,"parent":0,"menu_order":0,"comment_status":"closed","ping_status":"closed","template":"","meta":{"site-sidebar-layout":"no-sidebar","site-content-layout":"page-builder","ast-site-content-layout":"","site-content-style":"default","site-sidebar-style":"default","ast-global-header-display":"","ast-banner-title-visibility":"","ast-main-header-display":"","ast-hfb-above-header-display":"","ast-hfb-below-header-display":"","ast-hfb-mobile-header-display":"","site-post-title":"disabled","ast-breadcrumbs-content":"","ast-featured-img":"disabled","footer-sml-layout":"","theme-transparent-header-meta":"default","adv-header-id-meta":"","stick-header-meta":"","header-above-stick-meta":"","header-main-stick-meta":"","header-below-stick-meta":"","astra-migrate-meta-layouts":"","ast-page-background-enabled":"default","ast-page-background-meta":{"desktop":{"background-color":"","background-image":"","background-repeat":"repeat","background-position":"center center","background-size":"auto","background-attachment":"scroll","background-type":"","background-media":"","overlay-type":"","overlay-color":"","overlay-gradient":""},"tablet":{"background-color":"","background-image":"","background-repeat":"repeat","background-position":"center center","background-size":"auto","background-attachment":"scroll","background-type":"","background-media":"","overlay-type":"","overlay-color":"","overlay-gradient":""},"mobile":{"background-color":"","background-image":"","background-repeat":"repeat","background-position":"center center","background-size":"auto","background-attachment":"scroll","background-type":"","background-media":"","overlay-type":"","overlay-color":"","overlay-gradient":""}},"ast-content-background-meta":{"desktop":{"background-color":"var(--ast-global-color-5)","background-image":"","background-repeat":"repeat","background-position":"center center","background-size":"auto","background-attachment":"scroll","background-type":"","background-media":"","overlay-type":"","overlay-color":"","overlay-gradient":""},"tablet":{"background-color":"var(--ast-global-color-5)","background-image":"","background-repeat":"repeat","background-position":"center center","background-size":"auto","background-attachment":"scroll","background-type":"","background-media":"","overlay-type":"","overlay-color":"","overlay-gradient":""},"mobile":{"background-color":"var(--ast-global-color-5)","background-image":"","background-repeat":"repeat","background-position":"center center","background-size":"auto","background-attachment":"scroll","background-type":"","background-media":"","overlay-type":"","overlay-color":"","overlay-gradient":""}},"footnotes":""},"class_list":["post-1643","page","type-page","status-publish","hentry"],"yoast_head":"<!-- This site is optimized with the Yoast SEO plugin v21.7 - https:\/\/yoast.com\/wordpress\/plugins\/seo\/ -->\n<title>TUP-1H - mbtools.in<\/title>\n<meta name=\"robots\" content=\"index, follow, max-snippet:-1, max-image-preview:large, max-video-preview:-1\" \/>\n<link rel=\"canonical\" href=\"https:\/\/mbtools.in\/index.php\/tup-1h\/\" \/>\n<meta property=\"og:locale\" content=\"en_US\" \/>\n<meta property=\"og:type\" content=\"article\" \/>\n<meta property=\"og:title\" content=\"TUP-1H - mbtools.in\" \/>\n<meta property=\"og:description\" content=\"Semi-automatic LID Buffing M\/c \u2013 TUP Series M\/c Model TUP-1H (Single Heads) Application Cookware LID, Tawa, Pan, Plates etc Cycle Time 40 sec to 150 sec Consumable Buff Wheel : OD upto \u00d8200 x 75 mm Width Component Specification \u00d860 to \u00d8150 mm OD Power Req. 16 HP (Total power consumption) \u2022 Turnkey Solution for &hellip; TUP-1H Read More &raquo;\" \/>\n<meta property=\"og:url\" content=\"https:\/\/mbtools.in\/index.php\/tup-1h\/\" \/>\n<meta property=\"og:site_name\" content=\"mbtools.in\" \/>\n<meta property=\"article:modified_time\" content=\"2022-03-14T08:15:56+00:00\" \/>\n<meta property=\"og:image\" content=\"http:\/\/mbtools.in\/wp-content\/uploads\/2022\/02\/11.-Lid-plate-polishing-09-1-1024x1024.jpg\" \/>\n<meta name=\"twitter:card\" content=\"summary_large_image\" \/>\n<meta name=\"twitter:label1\" content=\"Est. reading time\" \/>\n\t<meta name=\"twitter:data1\" content=\"1 minute\" \/>\n<script type=\"application\/ld+json\" class=\"yoast-schema-graph\">{\"@context\":\"https:\/\/schema.org\",\"@graph\":[{\"@type\":\"WebPage\",\"@id\":\"https:\/\/mbtools.in\/index.php\/tup-1h\/\",\"url\":\"https:\/\/mbtools.in\/index.php\/tup-1h\/\",\"name\":\"TUP-1H - mbtools.in\",\"isPartOf\":{\"@id\":\"https:\/\/mbtools.in\/#website\"},\"datePublished\":\"2022-02-22T05:24:10+00:00\",\"dateModified\":\"2022-03-14T08:15:56+00:00\",\"breadcrumb\":{\"@id\":\"https:\/\/mbtools.in\/index.php\/tup-1h\/#breadcrumb\"},\"inLanguage\":\"en-US\",\"potentialAction\":[{\"@type\":\"ReadAction\",\"target\":[\"https:\/\/mbtools.in\/index.php\/tup-1h\/\"]}]},{\"@type\":\"BreadcrumbList\",\"@id\":\"https:\/\/mbtools.in\/index.php\/tup-1h\/#breadcrumb\",\"itemListElement\":[{\"@type\":\"ListItem\",\"position\":1,\"name\":\"Home\",\"item\":\"https:\/\/mbtools.in\/\"},{\"@type\":\"ListItem\",\"position\":2,\"name\":\"TUP-1H\"}]},{\"@type\":\"WebSite\",\"@id\":\"https:\/\/mbtools.in\/#website\",\"url\":\"https:\/\/mbtools.in\/\",\"name\":\"mbtools.in\",\"description\":\"\",\"publisher\":{\"@id\":\"https:\/\/mbtools.in\/#organization\"},\"potentialAction\":[{\"@type\":\"SearchAction\",\"target\":{\"@type\":\"EntryPoint\",\"urlTemplate\":\"https:\/\/mbtools.in\/?s={search_term_string}\"},\"query-input\":\"required name=search_term_string\"}],\"inLanguage\":\"en-US\"},{\"@type\":\"Organization\",\"@id\":\"https:\/\/mbtools.in\/#organization\",\"name\":\"mbtools.in\",\"url\":\"https:\/\/mbtools.in\/\",\"logo\":{\"@type\":\"ImageObject\",\"inLanguage\":\"en-US\",\"@id\":\"https:\/\/mbtools.in\/#\/schema\/logo\/image\/\",\"url\":\"https:\/\/mbtools.in\/wp-content\/uploads\/2021\/02\/MB-LOGO-png.png\",\"contentUrl\":\"https:\/\/mbtools.in\/wp-content\/uploads\/2021\/02\/MB-LOGO-png.png\",\"width\":315,\"height\":356,\"caption\":\"mbtools.in\"},\"image\":{\"@id\":\"https:\/\/mbtools.in\/#\/schema\/logo\/image\/\"}}]}<\/script>\n<!-- \/ Yoast SEO plugin. -->","yoast_head_json":{"title":"TUP-1H - mbtools.in","robots":{"index":"index","follow":"follow","max-snippet":"max-snippet:-1","max-image-preview":"max-image-preview:large","max-video-preview":"max-video-preview:-1"},"canonical":"https:\/\/mbtools.in\/index.php\/tup-1h\/","og_locale":"en_US","og_type":"article","og_title":"TUP-1H - mbtools.in","og_description":"Semi-automatic LID Buffing M\/c \u2013 TUP Series M\/c Model TUP-1H (Single Heads) Application Cookware LID, Tawa, Pan, Plates etc Cycle Time 40 sec to 150 sec Consumable Buff Wheel : OD upto \u00d8200 x 75 mm Width Component Specification \u00d860 to \u00d8150 mm OD Power Req. 16 HP (Total power consumption) \u2022 Turnkey Solution for &hellip; TUP-1H Read More &raquo;","og_url":"https:\/\/mbtools.in\/index.php\/tup-1h\/","og_site_name":"mbtools.in","article_modified_time":"2022-03-14T08:15:56+00:00","og_image":[{"url":"http:\/\/mbtools.in\/wp-content\/uploads\/2022\/02\/11.-Lid-plate-polishing-09-1-1024x1024.jpg"}],"twitter_card":"summary_large_image","twitter_misc":{"Est. reading time":"1 minute"},"schema":{"@context":"https:\/\/schema.org","@graph":[{"@type":"WebPage","@id":"https:\/\/mbtools.in\/index.php\/tup-1h\/","url":"https:\/\/mbtools.in\/index.php\/tup-1h\/","name":"TUP-1H - mbtools.in","isPartOf":{"@id":"https:\/\/mbtools.in\/#website"},"datePublished":"2022-02-22T05:24:10+00:00","dateModified":"2022-03-14T08:15:56+00:00","breadcrumb":{"@id":"https:\/\/mbtools.in\/index.php\/tup-1h\/#breadcrumb"},"inLanguage":"en-US","potentialAction":[{"@type":"ReadAction","target":["https:\/\/mbtools.in\/index.php\/tup-1h\/"]}]},{"@type":"BreadcrumbList","@id":"https:\/\/mbtools.in\/index.php\/tup-1h\/#breadcrumb","itemListElement":[{"@type":"ListItem","position":1,"name":"Home","item":"https:\/\/mbtools.in\/"},{"@type":"ListItem","position":2,"name":"TUP-1H"}]},{"@type":"WebSite","@id":"https:\/\/mbtools.in\/#website","url":"https:\/\/mbtools.in\/","name":"mbtools.in","description":"","publisher":{"@id":"https:\/\/mbtools.in\/#organization"},"potentialAction":[{"@type":"SearchAction","target":{"@type":"EntryPoint","urlTemplate":"https:\/\/mbtools.in\/?s={search_term_string}"},"query-input":"required name=search_term_string"}],"inLanguage":"en-US"},{"@type":"Organization","@id":"https:\/\/mbtools.in\/#organization","name":"mbtools.in","url":"https:\/\/mbtools.in\/","logo":{"@type":"ImageObject","inLanguage":"en-US","@id":"https:\/\/mbtools.in\/#\/schema\/logo\/image\/","url":"https:\/\/mbtools.in\/wp-content\/uploads\/2021\/02\/MB-LOGO-png.png","contentUrl":"https:\/\/mbtools.in\/wp-content\/uploads\/2021\/02\/MB-LOGO-png.png","width":315,"height":356,"caption":"mbtools.in"},"image":{"@id":"https:\/\/mbtools.in\/#\/schema\/logo\/image\/"}}]}},"_links":{"self":[{"href":"https:\/\/mbtools.in\/index.php\/wp-json\/wp\/v2\/pages\/1643","targetHints":{"allow":["GET"]}}],"collection":[{"href":"https:\/\/mbtools.in\/index.php\/wp-json\/wp\/v2\/pages"}],"about":[{"href":"https:\/\/mbtools.in\/index.php\/wp-json\/wp\/v2\/types\/page"}],"author":[{"embeddable":true,"href":"https:\/\/mbtools.in\/index.php\/wp-json\/wp\/v2\/users\/1"}],"replies":[{"embeddable":true,"href":"https:\/\/mbtools.in\/index.php\/wp-json\/wp\/v2\/comments?post=1643"}],"version-history":[{"count":10,"href":"https:\/\/mbtools.in\/index.php\/wp-json\/wp\/v2\/pages\/1643\/revisions"}],"predecessor-version":[{"id":1842,"href":"https:\/\/mbtools.in\/index.php\/wp-json\/wp\/v2\/pages\/1643\/revisions\/1842"}],"wp:attachment":[{"href":"https:\/\/mbtools.in\/index.php\/wp-json\/wp\/v2\/media?parent=1643"}],"curies":[{"name":"wp","href":"https:\/\/api.w.org\/{rel}","templated":true}]}}